{"id":40,"date":"2022-11-15T23:00:10","date_gmt":"2022-11-15T22:00:10","guid":{"rendered":"http:\/\/acajou-lunettes.fr\/?page_id=40"},"modified":"2026-02-13T11:04:56","modified_gmt":"2026-02-13T10:04:56","slug":"createurs","status":"publish","type":"page","link":"https:\/\/acajou-lunettes.fr\/index.php\/createurs\/","title":{"rendered":"Cr\u00e9ateurs"},"content":{"rendered":"\n<div id=\"wp-block-themeisle-blocks-advanced-columns-cf87ac10\" class=\"wp-block-themeisle-blocks-advanced-columns has-2-columns has-desktop-equal-layout has-tablet-equal-layout has-mobile-collapsedRows-layout has-vertical-unset\"><div class=\"wp-block-themeisle-blocks-advanced-columns-overlay\"><\/div><div class=\"innerblocks-wrap\">\n<div id=\"wp-block-themeisle-blocks-advanced-column-1827054c\" class=\"wp-block-themeisle-blocks-advanced-column\">\n<h2 class=\"wp-block-heading has-text-align-left\">Claire<\/h2>\n\n\n\n<figure class=\"wp-block-image size-large\"><img loading=\"lazy\" decoding=\"async\" width=\"1024\" height=\"819\" src=\"https:\/\/acajou-lunettes.fr\/wp-content\/uploads\/2026\/02\/PXL_20260110_1123281024-1024x819.jpg\" alt=\"\" class=\"wp-image-97\" style=\"aspect-ratio:3\/4;object-fit:cover\" srcset=\"https:\/\/acajou-lunettes.fr\/wp-content\/uploads\/2026\/02\/PXL_20260110_1123281024-1024x819.jpg 1024w, https:\/\/acajou-lunettes.fr\/wp-content\/uploads\/2026\/02\/PXL_20260110_1123281024-300x240.jpg 300w, https:\/\/acajou-lunettes.fr\/wp-content\/uploads\/2026\/02\/PXL_20260110_1123281024-768x614.jpg 768w, https:\/\/acajou-lunettes.fr\/wp-content\/uploads\/2026\/02\/PXL_20260110_1123281024-1536x1229.jpg 1536w, https:\/\/acajou-lunettes.fr\/wp-content\/uploads\/2026\/02\/PXL_20260110_1123281024-2048x1639.jpg 2048w\" sizes=\"auto, (max-width: 1024px) 100vw, 1024px\" \/><\/figure>\n<\/div>\n\n\n\n<div id=\"wp-block-themeisle-blocks-advanced-column-091446e7\" class=\"wp-block-themeisle-blocks-advanced-column\">\n<h2 class=\"wp-block-heading has-text-align-right\">R\u00e9mi<\/h2>\n\n\n\n<figure class=\"wp-block-image size-large\"><img loading=\"lazy\" decoding=\"async\" width=\"818\" height=\"1024\" src=\"https:\/\/acajou-lunettes.fr\/wp-content\/uploads\/2026\/02\/PXL_20251201_083444410.PORTRAIT2-818x1024.jpg\" alt=\"\" class=\"wp-image-95\" style=\"aspect-ratio:3\/4;object-fit:cover\" srcset=\"https:\/\/acajou-lunettes.fr\/wp-content\/uploads\/2026\/02\/PXL_20251201_083444410.PORTRAIT2-818x1024.jpg 818w, https:\/\/acajou-lunettes.fr\/wp-content\/uploads\/2026\/02\/PXL_20251201_083444410.PORTRAIT2-240x300.jpg 240w, https:\/\/acajou-lunettes.fr\/wp-content\/uploads\/2026\/02\/PXL_20251201_083444410.PORTRAIT2-768x961.jpg 768w, https:\/\/acajou-lunettes.fr\/wp-content\/uploads\/2026\/02\/PXL_20251201_083444410.PORTRAIT2-1228x1536.jpg 1228w, https:\/\/acajou-lunettes.fr\/wp-content\/uploads\/2026\/02\/PXL_20251201_083444410.PORTRAIT2-1637x2048.jpg 1637w, https:\/\/acajou-lunettes.fr\/wp-content\/uploads\/2026\/02\/PXL_20251201_083444410.PORTRAIT2-scaled.jpg 2046w\" sizes=\"auto, (max-width: 818px) 100vw, 818px\" \/><\/figure>\n<\/div>\n<\/div><\/div>\n\n\n\n<p>Pour nous \u00e9loigner des couleurs traditionnelles de l\u2019ac\u00e9tate et mettre en valeur un tissage fait main, nous avons cr\u00e9\u00e9 Acajou Lunettes. L\u2019id\u00e9e, r\u00e9unir deux m\u00e9tiers qui n\u2019ont pour seul point commun que leur savoir-faire artisanal : celui de tisserand et celui de fabricant de lunettes.<\/p>\n\n\n\n<p>Claire, apr\u00e8s plusieurs ann\u00e9es de tissage, fabrique la premi\u00e8re \u00e9tape des ces lunettes<br>R\u00e9mi, opticien et fabriquant de lunette voulant des mod\u00e8les uniques et color\u00e9s<\/p>\n","protected":false},"excerpt":{"rendered":"<p>Pour nous \u00e9loigner des couleurs traditionnelles de l\u2019ac\u00e9tate et mettre en valeur un tissage fait main, nous avons cr\u00e9\u00e9 Acajou Lunettes. L\u2019id\u00e9e, r\u00e9unir deux m\u00e9tiers qui n\u2019ont pour seul point commun que leur savoir-faire artisanal : celui de tisserand et celui de fabricant de lunettes. Claire, apr\u00e8s plusieurs ann\u00e9es de tissage, fabrique la premi\u00e8re \u00e9tape [&hellip;]<\/p>\n","protected":false},"author":1,"featured_media":0,"parent":0,"menu_order":0,"comment_status":"closed","ping_status":"closed","template":"","meta":{"_themeisle_gutenberg_block_has_review":false,"footnotes":""},"class_list":["post-40","page","type-page","status-publish","hentry"],"_links":{"self":[{"href":"https:\/\/acajou-lunettes.fr\/index.php\/wp-json\/wp\/v2\/pages\/40","targetHints":{"allow":["GET"]}}],"collection":[{"href":"https:\/\/acajou-lunettes.fr\/index.php\/wp-json\/wp\/v2\/pages"}],"about":[{"href":"https:\/\/acajou-lunettes.fr\/index.php\/wp-json\/wp\/v2\/types\/page"}],"author":[{"embeddable":true,"href":"https:\/\/acajou-lunettes.fr\/index.php\/wp-json\/wp\/v2\/users\/1"}],"replies":[{"embeddable":true,"href":"https:\/\/acajou-lunettes.fr\/index.php\/wp-json\/wp\/v2\/comments?post=40"}],"version-history":[{"count":5,"href":"https:\/\/acajou-lunettes.fr\/index.php\/wp-json\/wp\/v2\/pages\/40\/revisions"}],"predecessor-version":[{"id":171,"href":"https:\/\/acajou-lunettes.fr\/index.php\/wp-json\/wp\/v2\/pages\/40\/revisions\/171"}],"wp:attachment":[{"href":"https:\/\/acajou-lunettes.fr\/index.php\/wp-json\/wp\/v2\/media?parent=40"}],"curies":[{"name":"wp","href":"https:\/\/api.w.org\/{rel}","templated":true}]}}